{"id":10326,"date":"2023-10-16T20:19:48","date_gmt":"2023-10-16T20:19:48","guid":{"rendered":"https:\/\/bridge497.qodeinteractive.com\/?page_id=10326"},"modified":"2024-10-18T08:52:28","modified_gmt":"2024-10-18T08:52:28","slug":"home-2","status":"publish","type":"page","link":"https:\/\/dieperueckemobil.de\/","title":{"rendered":"Home"},"content":{"rendered":"\t\t<div data-elementor-type=\"wp-page\" data-elementor-id=\"10326\" class=\"elementor elementor-10326\" data-elementor-post-type=\"page\">\n\t\t\t\t<div class=\"elementor-element elementor-element-55650ae e-con-full qode_elementor_container_inner e-flex parallax_section_no e-con e-parent\" data-id=\"55650ae\" data-element_type=\"container\" data-e-type=\"container\">\n\t\t\t\t<div class=\"elementor-element elementor-element-bc985d4 elementor-widget elementor-widget-text-editor\" data-id=\"bc985d4\" data-element_type=\"widget\" data-e-type=\"widget\" data-widget_type=\"text-editor.default\">\n\t\t\t\t<div class=\"elementor-widget-container\">\n\t\t\t\t\t\t\t\t\t<h1><strong>Zweithaar. Nat\u00fcrlich gut.<\/strong><\/h1>\t\t\t\t\t\t\t\t<\/div>\n\t\t\t\t<\/div>\n\t\t\t\t<\/div>\n\t\t<div class=\"elementor-element elementor-element-c9c5934 e-con-full qode_elementor_container_inner e-flex parallax_section_no e-con e-parent\" data-id=\"c9c5934\" data-element_type=\"container\" data-e-type=\"container\">\n\t\t\t\t<div class=\"elementor-element elementor-element-7148a25 elementor-widget elementor-widget-text-editor\" data-id=\"7148a25\" data-element_type=\"widget\" data-e-type=\"widget\" data-widget_type=\"text-editor.default\">\n\t\t\t\t<div class=\"elementor-widget-container\">\n\t\t\t\t\t\t\t\t\t<h4>Egal ob Chemotherapie, Alopezie oder stressbedingter Haarausfall<\/h4>\t\t\t\t\t\t\t\t<\/div>\n\t\t\t\t<\/div>\n\t\t\t\t<\/div>\n\t\t<div class=\"elementor-element elementor-element-b413753 e-con-full qode_elementor_container_inner e-flex parallax_section_no e-con e-parent\" data-id=\"b413753\" data-element_type=\"container\" data-e-type=\"container\">\n\t\t\t\t<div class=\"elementor-element elementor-element-e6f3b15 elementor-widget elementor-widget-text-editor\" data-id=\"e6f3b15\" data-element_type=\"widget\" data-e-type=\"widget\" data-widget_type=\"text-editor.default\">\n\t\t\t\t<div class=\"elementor-widget-container\">\n\t\t\t\t\t\t\t\t\t<p style=\"font-weight: 400;\">Meine Leidenschaft ist es, Sie auf Ihrem Weg zu Ihrem perfekten Zweithaar individuell und professionell zu begleiten. Ob durch Krankheit oder vorzeitigem Haarausfall \u2013 ich wei\u00df, dass der erste Schritt oft der schwerste ist. Daher liegt mir viel daran, Sie von Anfang an diskret und einf\u00fchlsam zu beraten.<\/p><p style=\"font-weight: 400;\">\u00a0<\/p><p style=\"font-weight: 400;\">Entdecken Sie die umfangreiche Auswahl an Per\u00fccken \u2013 von hochwertigem Echthaar bis hin zu Kunstfaser, in verschiedenen L\u00e4ngen und Farben, von blond bis schwarz. Erg\u00e4nzend dazu habe ich ein gro\u00dfes Sortiment an Chemom\u00fctzen, B\u00e4ndern und T\u00fcchern in unterschiedlichen Farben und Materialien.<\/p><p style=\"font-weight: 400;\">\u00a0<\/p><p style=\"font-weight: 400;\">Seit \u00fcber 15 Jahren bin ich Ihre vertrauensvolle Zweithaarspezialistin im Raum Buchloe und Umgebung von 50-60 Kilometern und dank\u00a0meines mobilen Services biete ich Ihnen die M\u00f6glichkeit, die Erstberatung bequem bei Ihnen zu Hause oder im Krankenhaus durchzuf\u00fchren.<\/p><p style=\"font-weight: 400;\">\u00a0<\/p><p style=\"font-weight: 400;\">In einem gesch\u00fctzten Raum beantworte ich all Ihre Fragen und nehme mir Zeit f\u00fcr Ihre individuellen Bed\u00fcrfnisse.\u00a0Dar\u00fcber hinaus k\u00fcmmere ich mich gerne um die Abwicklung mit Ihrer Krankenkasse, denn viele Per\u00fccken werden von den Kassen \u00fcbernommen.<\/p><p style=\"font-weight: 400;\">\u00a0<\/p><p style=\"font-weight: 400;\">Vertrauen Sie auf meine Expertise und lassen Sie uns gemeinsam den Weg zu Ihrem neuen Look gestalten!\u00a0<\/p><p>\u00a0<\/p>\t\t\t\t\t\t\t\t<\/div>\n\t\t\t\t<\/div>\n\t\t\t\t<\/div>\n\t\t\t\t<\/div>\n\t\t","protected":false},"excerpt":{"rendered":"<p>Zweithaar. Nat\u00fcrlich gut. Egal ob Chemotherapie, Alopezie oder stressbedingter Haarausfall Meine Leidenschaft ist es, Sie auf Ihrem Weg zu Ihrem perfekten Zweithaar individuell und professionell zu begleiten. Ob durch Krankheit oder vorzeitigem Haarausfall \u2013 ich wei\u00df, dass der erste Schritt oft der schwerste ist. Daher&#8230;<\/p>\n","protected":false},"author":1,"featured_media":0,"parent":0,"menu_order":0,"comment_status":"closed","ping_status":"closed","template":"full_width.php","meta":{"footnotes":""},"class_list":["post-10326","page","type-page","status-publish","hentry"],"_links":{"self":[{"href":"https:\/\/dieperueckemobil.de\/index.php?rest_route=\/wp\/v2\/pages\/10326","targetHints":{"allow":["GET"]}}],"collection":[{"href":"https:\/\/dieperueckemobil.de\/index.php?rest_route=\/wp\/v2\/pages"}],"about":[{"href":"https:\/\/dieperueckemobil.de\/index.php?rest_route=\/wp\/v2\/types\/page"}],"author":[{"embeddable":true,"href":"https:\/\/dieperueckemobil.de\/index.php?rest_route=\/wp\/v2\/users\/1"}],"replies":[{"embeddable":true,"href":"https:\/\/dieperueckemobil.de\/index.php?rest_route=%2Fwp%2Fv2%2Fcomments&post=10326"}],"version-history":[{"count":49,"href":"https:\/\/dieperueckemobil.de\/index.php?rest_route=\/wp\/v2\/pages\/10326\/revisions"}],"predecessor-version":[{"id":11778,"href":"https:\/\/dieperueckemobil.de\/index.php?rest_route=\/wp\/v2\/pages\/10326\/revisions\/11778"}],"wp:attachment":[{"href":"https:\/\/dieperueckemobil.de\/index.php?rest_route=%2Fwp%2Fv2%2Fmedia&parent=10326"}],"curies":[{"name":"wp","href":"https:\/\/api.w.org\/{rel}","templated":true}]}}